{"id":3494,"date":"2025-01-10T19:51:35","date_gmt":"2025-01-10T18:51:35","guid":{"rendered":"https:\/\/kbconduite.fr\/?page_id=3494"},"modified":"2025-01-27T09:30:04","modified_gmt":"2025-01-27T08:30:04","slug":"modalite-de-prise-en-compte-du-handicap-2","status":"publish","type":"page","link":"https:\/\/kbconduite.fr\/?page_id=3494","title":{"rendered":"Modalit\u00e9 de prise en compte du handicap"},"content":{"rendered":"\t\t<div data-elementor-type=\"wp-page\" data-elementor-id=\"3494\" class=\"elementor elementor-3494\">\n\t\t\t\t\t\t\t\t\t<section class=\"elementor-section elementor-top-section elementor-element elementor-element-7209774 elementor-section-boxed elementor-section-height-default elementor-section-height-default\" data-id=\"7209774\" data-element_type=\"section\">\n\t\t\t\t\t\t<div class=\"elementor-container elementor-column-gap-default\">\n\t\t\t\t\t<div class=\"elementor-column elementor-col-100 elementor-top-column elementor-element elementor-element-09d8d80\" data-id=\"09d8d80\" data-element_type=\"column\">\n\t\t\t<div class=\"elementor-widget-wrap elementor-element-populated\">\n\t\t\t\t\t\t\t\t<div class=\"elementor-element elementor-element-ae2f7c9 elementor-widget elementor-widget-heading\" data-id=\"ae2f7c9\" data-element_type=\"widget\" data-widget_type=\"heading.default\">\n\t\t\t\t<div class=\"elementor-widget-container\">\n\t\t\t<h2 class=\"elementor-heading-title elementor-size-default\">Modalit\u00e9 de prise en compte du handicap<\/h2>\t\t<\/div>\n\t\t\t\t<\/div>\n\t\t\t\t\t<\/div>\n\t\t<\/div>\n\t\t\t\t\t\t\t<\/div>\n\t\t<\/section>\n\t\t\t\t<section class=\"elementor-section elementor-top-section elementor-element elementor-element-6ced60e elementor-section-boxed elementor-section-height-default elementor-section-height-default\" data-id=\"6ced60e\" data-element_type=\"section\">\n\t\t\t\t\t\t<div class=\"elementor-container elementor-column-gap-default\">\n\t\t\t\t\t<div class=\"elementor-column elementor-col-100 elementor-top-column elementor-element elementor-element-5d9af62\" data-id=\"5d9af62\" data-element_type=\"column\">\n\t\t\t<div class=\"elementor-widget-wrap elementor-element-populated\">\n\t\t\t\t\t\t\t\t<div class=\"elementor-element elementor-element-313f292 elementor-widget elementor-widget-text-editor\" data-id=\"313f292\" data-element_type=\"widget\" data-widget_type=\"text-editor.default\">\n\t\t\t\t<div class=\"elementor-widget-container\">\n\t\t\t\t\t\t\t<div dir=\"ltr\" data-setdir=\"false\"><span data-olk-copy-source=\"MessageBody\">Si vous souhaitez \u00eatre form\u00e9 au permis de conduire et que vous \u00eates en situation de handicap, n&#8217;h\u00e9sitez \u00e0 contacter notre r\u00e9f\u00e9rent handicap Monsieur Boukhari Kamel pour \u00e9tudier les diff\u00e9rentes possibilit\u00e9s qui s&#8217;offrent \u00e0 vous.<\/span><\/div><div dir=\"ltr\" data-setdir=\"false\">\u00a0<\/div><div dir=\"ltr\" data-setdir=\"false\">N\u00b0 de tel : 06.40.44.43.18\u00a0<\/div><div dir=\"ltr\" data-setdir=\"false\">Adresse mail : kbconduite@gmail.com<\/div>\t\t\t\t\t\t<\/div>\n\t\t\t\t<\/div>\n\t\t\t\t\t<\/div>\n\t\t<\/div>\n\t\t\t\t\t\t\t<\/div>\n\t\t<\/section>\n\t\t\t\t\t\t\t<\/div>\n\t\t","protected":false},"excerpt":{"rendered":"<p>Modalit\u00e9 de prise en compte du handicap Si vous souhaitez \u00eatre form\u00e9 au permis de conduire et que vous \u00eates en situation de handicap, n&#8217;h\u00e9sitez \u00e0 contacter notre r\u00e9f\u00e9rent handicap Monsieur Boukhari Kamel pour \u00e9tudier les diff\u00e9rentes possibilit\u00e9s qui s&#8217;offrent \u00e0 vous.\u00a0N\u00b0 de tel : 06.40.44.43.18\u00a0Adresse mail : kbconduite@gmail.com<\/p>\n","protected":false},"author":1,"featured_media":0,"parent":0,"menu_order":0,"comment_status":"closed","ping_status":"closed","template":"","meta":{"_joinchat":[],"footnotes":""},"class_list":["post-3494","page","type-page","status-publish","hentry"],"_links":{"self":[{"href":"https:\/\/kbconduite.fr\/index.php?rest_route=\/wp\/v2\/pages\/3494","targetHints":{"allow":["GET"]}}],"collection":[{"href":"https:\/\/kbconduite.fr\/index.php?rest_route=\/wp\/v2\/pages"}],"about":[{"href":"https:\/\/kbconduite.fr\/index.php?rest_route=\/wp\/v2\/types\/page"}],"author":[{"embeddable":true,"href":"https:\/\/kbconduite.fr\/index.php?rest_route=\/wp\/v2\/users\/1"}],"replies":[{"embeddable":true,"href":"https:\/\/kbconduite.fr\/index.php?rest_route=%2Fwp%2Fv2%2Fcomments&post=3494"}],"version-history":[{"count":16,"href":"https:\/\/kbconduite.fr\/index.php?rest_route=\/wp\/v2\/pages\/3494\/revisions"}],"predecessor-version":[{"id":3627,"href":"https:\/\/kbconduite.fr\/index.php?rest_route=\/wp\/v2\/pages\/3494\/revisions\/3627"}],"wp:attachment":[{"href":"https:\/\/kbconduite.fr\/index.php?rest_route=%2Fwp%2Fv2%2Fmedia&parent=3494"}],"curies":[{"name":"wp","href":"https:\/\/api.w.org\/{rel}","templated":true}]}}