{"id":3486,"date":"2025-01-10T19:44:01","date_gmt":"2025-01-10T18:44:01","guid":{"rendered":"https:\/\/kbconduite.fr\/?page_id=3486"},"modified":"2025-01-26T13:10:27","modified_gmt":"2025-01-26T12:10:27","slug":"procede-de-positionnement-2","status":"publish","type":"page","link":"https:\/\/kbconduite.fr\/?page_id=3486","title":{"rendered":"Proc\u00e9d\u00e9 de positionnement"},"content":{"rendered":"\t\t<div data-elementor-type=\"wp-page\" data-elementor-id=\"3486\" class=\"elementor elementor-3486\">\n\t\t\t\t\t\t\t\t\t<section class=\"elementor-section elementor-top-section elementor-element elementor-element-7168d97 elementor-section-boxed elementor-section-height-default elementor-section-height-default\" data-id=\"7168d97\" data-element_type=\"section\">\n\t\t\t\t\t\t<div class=\"elementor-container elementor-column-gap-default\">\n\t\t\t\t\t<div class=\"elementor-column elementor-col-100 elementor-top-column elementor-element elementor-element-9d6fe1a\" data-id=\"9d6fe1a\" data-element_type=\"column\">\n\t\t\t<div class=\"elementor-widget-wrap elementor-element-populated\">\n\t\t\t\t\t\t\t\t<div class=\"elementor-element elementor-element-e0015b2 elementor-widget elementor-widget-heading\" data-id=\"e0015b2\" data-element_type=\"widget\" data-widget_type=\"heading.default\">\n\t\t\t\t<div class=\"elementor-widget-container\">\n\t\t\t<h2 class=\"elementor-heading-title elementor-size-default\">PROCEDE DE POSITIONNEMENT <\/h2>\t\t<\/div>\n\t\t\t\t<\/div>\n\t\t\t\t\t<\/div>\n\t\t<\/div>\n\t\t\t\t\t\t\t<\/div>\n\t\t<\/section>\n\t\t\t\t<section class=\"elementor-section elementor-top-section elementor-element elementor-element-570a98f elementor-section-boxed elementor-section-height-default elementor-section-height-default\" data-id=\"570a98f\" data-element_type=\"section\">\n\t\t\t\t\t\t<div class=\"elementor-container elementor-column-gap-default\">\n\t\t\t\t\t<div class=\"elementor-column elementor-col-100 elementor-top-column elementor-element elementor-element-2bafb2f\" data-id=\"2bafb2f\" data-element_type=\"column\">\n\t\t\t<div class=\"elementor-widget-wrap elementor-element-populated\">\n\t\t\t\t\t\t\t\t<div class=\"elementor-element elementor-element-63cf832 elementor-widget elementor-widget-heading\" data-id=\"63cf832\" data-element_type=\"widget\" data-widget_type=\"heading.default\">\n\t\t\t\t<div class=\"elementor-widget-container\">\n\t\t\t<h2 class=\"elementor-heading-title elementor-size-default\"><a href=\"http:\/\/kbconduite.fr\/wp-content\/uploads\/2025\/01\/Procede-de-positionnement.pdf\">A t\u00e9l\u00e9charger<\/a><\/h2>\t\t<\/div>\n\t\t\t\t<\/div>\n\t\t\t\t\t<\/div>\n\t\t<\/div>\n\t\t\t\t\t\t\t<\/div>\n\t\t<\/section>\n\t\t\t\t<section class=\"elementor-section elementor-top-section elementor-element elementor-element-676ae9f elementor-section-boxed elementor-section-height-default elementor-section-height-default\" data-id=\"676ae9f\" data-element_type=\"section\">\n\t\t\t\t\t\t<div class=\"elementor-container elementor-column-gap-default\">\n\t\t\t\t\t<div class=\"elementor-column elementor-col-100 elementor-top-column elementor-element elementor-element-fb8fbf1\" data-id=\"fb8fbf1\" data-element_type=\"column\">\n\t\t\t<div class=\"elementor-widget-wrap elementor-element-populated\">\n\t\t\t\t\t\t\t\t<div class=\"elementor-element elementor-element-6bb50f2 elementor-widget elementor-widget-text-editor\" data-id=\"6bb50f2\" data-element_type=\"widget\" data-widget_type=\"text-editor.default\">\n\t\t\t\t<div class=\"elementor-widget-container\">\n\t\t\t\t\t\t\t<p>\u00a0<\/p><p><strong>Proc\u00e9d\u00e9 de positionnement<\/strong><\/p><p><strong>\u00a0 \u00a0 \u00a0 \u00a0 \u00a0 \u00a0 \u00a0 \u00a0 \u00a0 \u00a0 \u00a0 \u00a0 \u00a0 \u00a0 \u00a0 \u00a0 \u00a0 \u00a0 \u00a0 \u00a0 \u00a0 D\u00e9roulement de proc\u00e9d\u00e9 de positionnement<\/strong><\/p><table width=\"643\"><tbody><tr><td colspan=\"2\" width=\"643\"><p><strong>Renseignements d\u2019ordre g\u00e9n\u00e9ral<\/strong><\/p><\/td><\/tr><tr><td width=\"321\"><p>\u00a0Noms Pr\u00e9noms<\/p><\/td><td width=\"321\">\u00a0<\/td><\/tr><tr><td width=\"321\"><p>Coordonn\u00e9es<\/p><\/td><td width=\"321\">\u00a0<\/td><\/tr><tr><td width=\"321\"><p>Exp\u00e9rience professionnelles<\/p><\/td><td width=\"321\">\u00a0<\/td><\/tr><tr><td width=\"321\"><p>Prescripteur<\/p><\/td><td width=\"321\">\u00a0<\/td><\/tr><tr><td width=\"321\"><p>Financeur<\/p><\/td><td width=\"321\">\u00a0<\/td><\/tr><\/tbody><\/table><table width=\"643\"><tbody><tr><td width=\"643\"><p><strong>Questionnaire<\/strong><\/p><\/td><\/tr><tr><td width=\"643\"><p>Quelle formation est concern\u00e9e par l\u2019inscription<\/p><\/td><\/tr><tr><td width=\"643\"><p>Quelles sont vos attentes vis-\u00e0-vis de la formation\u00a0? (ex\u00a0: apprendre \u00e0 ma\u00eetriser le v\u00e9hicule, obtenir le permis de conduite\u2026)<\/p><\/td><\/tr><tr><td width=\"643\"><p>Quelles sont vos motivations\u00a0? (ex\u00a0: projet professionnel, apprentissage th\u00e9orique, apprentissage pratique\u2026)<\/p><\/td><\/tr><tr><td width=\"643\"><p>Quelle est votre disponibilit\u00e9\u00a0? (ex\u00a0: journ\u00e9es disponibles\u00a0\/ cr\u00e9neaux horaires)<\/p><\/td><\/tr><\/tbody><\/table>\t\t\t\t\t\t<\/div>\n\t\t\t\t<\/div>\n\t\t\t\t\t<\/div>\n\t\t<\/div>\n\t\t\t\t\t\t\t<\/div>\n\t\t<\/section>\n\t\t\t\t\t\t\t<\/div>\n\t\t","protected":false},"excerpt":{"rendered":"<p>PROCEDE DE POSITIONNEMENT A t\u00e9l\u00e9charger \u00a0 Proc\u00e9d\u00e9 de positionnement \u00a0 \u00a0 \u00a0 \u00a0 \u00a0 \u00a0 \u00a0 \u00a0 \u00a0 \u00a0 \u00a0 \u00a0 \u00a0 \u00a0 \u00a0 \u00a0 \u00a0 \u00a0 \u00a0 \u00a0 \u00a0 D\u00e9roulement de proc\u00e9d\u00e9 de positionnement Renseignements d\u2019ordre g\u00e9n\u00e9ral \u00a0Noms Pr\u00e9noms \u00a0 Coordonn\u00e9es \u00a0 Exp\u00e9rience professionnelles \u00a0 Prescripteur \u00a0 Financeur \u00a0 Questionnaire Quelle formation est concern\u00e9e [&hellip;]<\/p>\n","protected":false},"author":1,"featured_media":0,"parent":0,"menu_order":0,"comment_status":"closed","ping_status":"closed","template":"","meta":{"_joinchat":[],"footnotes":""},"class_list":["post-3486","page","type-page","status-publish","hentry"],"_links":{"self":[{"href":"https:\/\/kbconduite.fr\/index.php?rest_route=\/wp\/v2\/pages\/3486","targetHints":{"allow":["GET"]}}],"collection":[{"href":"https:\/\/kbconduite.fr\/index.php?rest_route=\/wp\/v2\/pages"}],"about":[{"href":"https:\/\/kbconduite.fr\/index.php?rest_route=\/wp\/v2\/types\/page"}],"author":[{"embeddable":true,"href":"https:\/\/kbconduite.fr\/index.php?rest_route=\/wp\/v2\/users\/1"}],"replies":[{"embeddable":true,"href":"https:\/\/kbconduite.fr\/index.php?rest_route=%2Fwp%2Fv2%2Fcomments&post=3486"}],"version-history":[{"count":16,"href":"https:\/\/kbconduite.fr\/index.php?rest_route=\/wp\/v2\/pages\/3486\/revisions"}],"predecessor-version":[{"id":3545,"href":"https:\/\/kbconduite.fr\/index.php?rest_route=\/wp\/v2\/pages\/3486\/revisions\/3545"}],"wp:attachment":[{"href":"https:\/\/kbconduite.fr\/index.php?rest_route=%2Fwp%2Fv2%2Fmedia&parent=3486"}],"curies":[{"name":"wp","href":"https:\/\/api.w.org\/{rel}","templated":true}]}}