{"id":3277,"date":"2025-01-08T17:35:29","date_gmt":"2025-01-08T16:35:29","guid":{"rendered":"https:\/\/kbconduite.fr\/?page_id=3277"},"modified":"2025-01-09T16:20:00","modified_gmt":"2025-01-09T15:20:00","slug":"passerelle-b78levee","status":"publish","type":"page","link":"https:\/\/kbconduite.fr\/?page_id=3277","title":{"rendered":"Passerelle B78(lev\u00e9e)"},"content":{"rendered":"\t\t<div data-elementor-type=\"wp-page\" data-elementor-id=\"3277\" class=\"elementor elementor-3277\">\n\t\t\t\t\t\t\t\t\t<section class=\"elementor-section elementor-top-section elementor-element elementor-element-cd4c441 elementor-section-boxed elementor-section-height-default elementor-section-height-default\" data-id=\"cd4c441\" data-element_type=\"section\">\n\t\t\t\t\t\t<div class=\"elementor-container elementor-column-gap-default\">\n\t\t\t\t\t<div class=\"elementor-column elementor-col-100 elementor-top-column elementor-element elementor-element-e35b90b\" data-id=\"e35b90b\" data-element_type=\"column\">\n\t\t\t<div class=\"elementor-widget-wrap elementor-element-populated\">\n\t\t\t\t\t\t\t\t<div class=\"elementor-element elementor-element-8f087cd elementor-widget elementor-widget-heading\" data-id=\"8f087cd\" data-element_type=\"widget\" data-widget_type=\"heading.default\">\n\t\t\t\t<div class=\"elementor-widget-container\">\n\t\t\t<h2 class=\"elementor-heading-title elementor-size-default\">PASSERELLE B78\n DU PERMIS BOITE AUTOMATIQUE VERS PERMIS B\n\n<\/h2>\t\t<\/div>\n\t\t\t\t<\/div>\n\t\t\t\t\t<\/div>\n\t\t<\/div>\n\t\t\t\t\t\t\t<\/div>\n\t\t<\/section>\n\t\t\t\t<section class=\"elementor-section elementor-top-section elementor-element elementor-element-deeeb06 elementor-section-boxed elementor-section-height-default elementor-section-height-default\" data-id=\"deeeb06\" data-element_type=\"section\">\n\t\t\t\t\t\t<div class=\"elementor-container elementor-column-gap-default\">\n\t\t\t\t\t<div class=\"elementor-column elementor-col-100 elementor-top-column elementor-element elementor-element-d8d9f91\" data-id=\"d8d9f91\" data-element_type=\"column\">\n\t\t\t<div class=\"elementor-widget-wrap elementor-element-populated\">\n\t\t\t\t\t\t\t\t<div class=\"elementor-element elementor-element-0f7dbb9 elementor-widget elementor-widget-text-editor\" data-id=\"0f7dbb9\" data-element_type=\"widget\" data-widget_type=\"text-editor.default\">\n\t\t\t\t<div class=\"elementor-widget-container\">\n\t\t\t\t\t\t\t<p>Formation passerelle pour les voitures (boite automatique) apr\u00e8s avoir obtenu le permis de conduire B78 vers le permis (boite manuelle).<\/p><p><strong>7 heures de formation sur v\u00e9hicule \u00e0 boite manuelle<\/strong>.<\/p><p><strong><span style=\"text-decoration: underline;\">Les conditions d&#8217;acc\u00e8s<\/span> :<\/strong><\/p><p>Ce n&#8217;est pas un examen mais une formation obligatoire pour tous les conducteurs titulaires du permis de conduire voiture boite automatique (B78).<\/p><p>L&#8217;attestation apr\u00e8s la formation vous permettra de faire le changement sur votre permis de B78 vers B, afin de pouvoir conduire d\u00e9finitivement sans repasser devant l&#8217;inspecteur, aussi bien pour la boite manuelle que la boite automatique.<\/p>\t\t\t\t\t\t<\/div>\n\t\t\t\t<\/div>\n\t\t\t\t\t<\/div>\n\t\t<\/div>\n\t\t\t\t\t\t\t<\/div>\n\t\t<\/section>\n\t\t\t\t<section class=\"elementor-section elementor-top-section elementor-element elementor-element-9402cc5 elementor-section-boxed elementor-section-height-default elementor-section-height-default\" data-id=\"9402cc5\" data-element_type=\"section\">\n\t\t\t\t\t\t<div class=\"elementor-container elementor-column-gap-default\">\n\t\t\t\t\t<div class=\"elementor-column elementor-col-100 elementor-top-column elementor-element elementor-element-beb8558\" data-id=\"beb8558\" data-element_type=\"column\">\n\t\t\t<div class=\"elementor-widget-wrap elementor-element-populated\">\n\t\t\t\t\t\t\t\t<div class=\"elementor-element elementor-element-8c1cf5d elementor-widget elementor-widget-heading\" data-id=\"8c1cf5d\" data-element_type=\"widget\" data-widget_type=\"heading.default\">\n\t\t\t\t<div class=\"elementor-widget-container\">\n\t\t\t<h2 class=\"elementor-heading-title elementor-size-default\">PROGRAMME DE FORMATION<\/h2>\t\t<\/div>\n\t\t\t\t<\/div>\n\t\t\t\t\t<\/div>\n\t\t<\/div>\n\t\t\t\t\t\t\t<\/div>\n\t\t<\/section>\n\t\t\t\t<section class=\"elementor-section elementor-top-section elementor-element elementor-element-445ebcb elementor-section-boxed elementor-section-height-default elementor-section-height-default\" data-id=\"445ebcb\" data-element_type=\"section\">\n\t\t\t\t\t\t<div class=\"elementor-container elementor-column-gap-default\">\n\t\t\t\t\t<div class=\"elementor-column elementor-col-100 elementor-top-column elementor-element elementor-element-fbef866\" data-id=\"fbef866\" data-element_type=\"column\">\n\t\t\t<div class=\"elementor-widget-wrap elementor-element-populated\">\n\t\t\t\t\t\t\t\t<div class=\"elementor-element elementor-element-d23f5e1 elementor-widget elementor-widget-text-editor\" data-id=\"d23f5e1\" data-element_type=\"widget\" data-widget_type=\"text-editor.default\">\n\t\t\t\t<div class=\"elementor-widget-container\">\n\t\t\t\t\t\t\t<p><span style=\"vertical-align: inherit;\"><span style=\"vertical-align: inherit;\"><span style=\"text-decoration: underline;\"><strong>S\u00e9quence 1<\/strong><\/span> : 2 heures le trafic \u00e9tant faible ou nul<\/span><\/span><\/p><p><span style=\"vertical-align: inherit;\"><span style=\"vertical-align: inherit;\">-Comprendre le principe du point de patinage de l&#8217;embrayage et assurer sa mise en \u0153uvre. <\/span><\/span><br \/><span style=\"vertical-align: inherit;\"><span style=\"vertical-align: inherit;\">-Etre en capacit\u00e9 de r\u00e9aliser un d\u00e9marrage en c\u00f4te en toute s\u00e9curit\u00e9.<\/span><\/span><\/p><p><span style=\"vertical-align: inherit;\"><span style=\"vertical-align: inherit;\"><span style=\"text-decoration: underline;\"><strong>S\u00e9quence 2<\/strong><\/span> : 5 heures conditions de circulation vari\u00e9es, simples et complexes<\/span><\/span><\/p><p><span style=\"vertical-align: inherit;\"><span style=\"vertical-align: inherit;\">-Savoir utiliser la bo\u00eete de vitesses manuelle de mani\u00e8re rationnelle et en toute s\u00e9curit\u00e9 dans les conditions de circulation probables et adopter les techniques de l&#8217;\u00e9co-conduite. <\/span><\/span><br \/><span style=\"vertical-align: inherit;\"><span style=\"vertical-align: inherit;\">-Etre en capacit\u00e9 de diriger le v\u00e9hicule en adaptant l&#8217;allure et la trajectoire \u00e0 l&#8217;environnement et aux conditions de circulation.<\/span><\/span><\/p>\t\t\t\t\t\t<\/div>\n\t\t\t\t<\/div>\n\t\t\t\t\t<\/div>\n\t\t<\/div>\n\t\t\t\t\t\t\t<\/div>\n\t\t<\/section>\n\t\t\t\t\t\t\t<\/div>\n\t\t","protected":false},"excerpt":{"rendered":"<p>PASSERELLE B78 DU PERMIS BOITE AUTOMATIQUE VERS PERMIS B Formation passerelle pour les voitures (boite automatique) apr\u00e8s avoir obtenu le permis de conduire B78 vers le permis (boite manuelle). 7 heures de formation sur v\u00e9hicule \u00e0 boite manuelle. Les conditions d&#8217;acc\u00e8s : Ce n&#8217;est pas un examen mais une formation obligatoire pour tous les conducteurs [&hellip;]<\/p>\n","protected":false},"author":1,"featured_media":0,"parent":0,"menu_order":0,"comment_status":"closed","ping_status":"closed","template":"","meta":{"_joinchat":[],"footnotes":""},"class_list":["post-3277","page","type-page","status-publish","hentry"],"_links":{"self":[{"href":"https:\/\/kbconduite.fr\/index.php?rest_route=\/wp\/v2\/pages\/3277","targetHints":{"allow":["GET"]}}],"collection":[{"href":"https:\/\/kbconduite.fr\/index.php?rest_route=\/wp\/v2\/pages"}],"about":[{"href":"https:\/\/kbconduite.fr\/index.php?rest_route=\/wp\/v2\/types\/page"}],"author":[{"embeddable":true,"href":"https:\/\/kbconduite.fr\/index.php?rest_route=\/wp\/v2\/users\/1"}],"replies":[{"embeddable":true,"href":"https:\/\/kbconduite.fr\/index.php?rest_route=%2Fwp%2Fv2%2Fcomments&post=3277"}],"version-history":[{"count":16,"href":"https:\/\/kbconduite.fr\/index.php?rest_route=\/wp\/v2\/pages\/3277\/revisions"}],"predecessor-version":[{"id":3375,"href":"https:\/\/kbconduite.fr\/index.php?rest_route=\/wp\/v2\/pages\/3277\/revisions\/3375"}],"wp:attachment":[{"href":"https:\/\/kbconduite.fr\/index.php?rest_route=%2Fwp%2Fv2%2Fmedia&parent=3277"}],"curies":[{"name":"wp","href":"https:\/\/api.w.org\/{rel}","templated":true}]}}