{"id":3219,"date":"2025-01-08T16:02:02","date_gmt":"2025-01-08T15:02:02","guid":{"rendered":"https:\/\/kbconduite.fr\/?page_id=3219"},"modified":"2025-01-08T17:11:05","modified_gmt":"2025-01-08T16:11:05","slug":"formation-125-cm3","status":"publish","type":"page","link":"https:\/\/kbconduite.fr\/?page_id=3219","title":{"rendered":"Formation 125 cm3"},"content":{"rendered":"\t\t<div data-elementor-type=\"wp-page\" data-elementor-id=\"3219\" class=\"elementor elementor-3219\">\n\t\t\t\t\t\t\t\t\t<section class=\"elementor-section elementor-top-section elementor-element elementor-element-c944f46 elementor-section-boxed elementor-section-height-default elementor-section-height-default\" data-id=\"c944f46\" data-element_type=\"section\">\n\t\t\t\t\t\t<div class=\"elementor-container elementor-column-gap-default\">\n\t\t\t\t\t<div class=\"elementor-column elementor-col-100 elementor-top-column elementor-element elementor-element-e6b0a84\" data-id=\"e6b0a84\" data-element_type=\"column\">\n\t\t\t<div class=\"elementor-widget-wrap elementor-element-populated\">\n\t\t\t\t\t\t\t\t<div class=\"elementor-element elementor-element-d0c7886 elementor-widget elementor-widget-heading\" data-id=\"d0c7886\" data-element_type=\"widget\" data-widget_type=\"heading.default\">\n\t\t\t\t<div class=\"elementor-widget-container\">\n\t\t\t<h2 class=\"elementor-heading-title elementor-size-default\">Pr\u00e9-requis<\/h2>\t\t<\/div>\n\t\t\t\t<\/div>\n\t\t\t\t\t<\/div>\n\t\t<\/div>\n\t\t\t\t\t\t\t<\/div>\n\t\t<\/section>\n\t\t\t\t<section class=\"elementor-section elementor-top-section elementor-element elementor-element-47a16a3 elementor-section-boxed elementor-section-height-default elementor-section-height-default\" data-id=\"47a16a3\" data-element_type=\"section\">\n\t\t\t\t\t\t<div class=\"elementor-container elementor-column-gap-default\">\n\t\t\t\t\t<div class=\"elementor-column elementor-col-100 elementor-top-column elementor-element elementor-element-4f3b4ce\" data-id=\"4f3b4ce\" data-element_type=\"column\">\n\t\t\t<div class=\"elementor-widget-wrap elementor-element-populated\">\n\t\t\t\t\t\t\t\t<div class=\"elementor-element elementor-element-814b00f elementor-widget elementor-widget-text-editor\" data-id=\"814b00f\" data-element_type=\"widget\" data-widget_type=\"text-editor.default\">\n\t\t\t\t<div class=\"elementor-widget-container\">\n\t\t\t\t\t\t\t<p style=\"margin: 0cm 0cm 7.15pt 0cm;\"><span style=\"font-size: 10.5pt; font-family: 'Arial',sans-serif; color: black;\"><span style=\"vertical-align: inherit;\"><span style=\"vertical-align: inherit;\"><span style=\"vertical-align: inherit;\"><span style=\"vertical-align: inherit;\"><span style=\"vertical-align: inherit;\"><span style=\"vertical-align: inherit;\"><strong><span style=\"text-decoration: underline;\"><span style=\"vertical-align: inherit;\"><span style=\"vertical-align: inherit;\">OBJECTIF<\/span><\/span><\/span><\/strong><span style=\"vertical-align: inherit;\"><span style=\"vertical-align: inherit;\"> :<\/span><\/span><\/span><\/span><\/span><\/span><\/span><\/span><\/span><\/p><p style=\"margin: 0cm 0cm 7.15pt 0cm;\"><span style=\"font-size: 10.5pt; font-family: 'Arial',sans-serif; color: black;\"><span style=\"vertical-align: inherit;\"><span style=\"vertical-align: inherit;\"><span style=\"vertical-align: inherit;\"><span style=\"vertical-align: inherit;\"><span style=\"vertical-align: inherit;\"><span style=\"vertical-align: inherit;\"><span style=\"vertical-align: inherit;\"><span style=\"vertical-align: inherit;\">&#8211; Acqu\u00e9rir les comp\u00e9tences dans les domaines du savoir, savoir-faire et savoir \u00eatre n\u00e9cessaires \u00e0 la ma\u00eetrise d&#8217;un deux roues.<\/span><\/span><\/span><\/span><\/span><\/span><\/span><\/span><\/span><\/p><p style=\"margin: 0cm 0cm 7.15pt 0cm;\"><span style=\"font-size: 10.5pt; font-family: 'Arial',sans-serif; color: black;\"><b><u><span style=\"vertical-align: inherit;\"><span style=\"vertical-align: inherit;\">PR\u00c9-REQUIS<\/span><\/span><\/u><\/b><span style=\"vertical-align: inherit;\"><span style=\"vertical-align: inherit;\"> :\u00a0<\/span><\/span><\/span><\/p><p style=\"margin: 0cm 0cm 7.15pt 0cm;\"><span style=\"font-size: 10.5pt; font-family: 'Arial',sans-serif; color: black;\"><span style=\"vertical-align: inherit;\"><span style=\"vertical-align: inherit;\"><span style=\"vertical-align: inherit;\"><span style=\"vertical-align: inherit;\"><span style=\"vertical-align: inherit;\"><span style=\"vertical-align: inherit;\"><span style=\"vertical-align: inherit;\"><span style=\"vertical-align: inherit;\">&#8211; Satisfaire \u00e0 des <\/span><\/span><\/span><\/span><\/span><\/span><\/span><\/span><\/span><a href=\"http:\/\/vosdroits.service-public.fr\/particuliers\/F2832.xhtml\"><span style=\"font-size: 10.5pt; font-family: 'Arial',sans-serif; color: windowtext;\"><span style=\"vertical-align: inherit;\"><span style=\"vertical-align: inherit;\"><span style=\"vertical-align: inherit;\"><span style=\"vertical-align: inherit;\"><span style=\"vertical-align: inherit;\"><span style=\"vertical-align: inherit;\"><span style=\"vertical-align: inherit;\"><span style=\"vertical-align: inherit;\">conditions administratives<\/span><\/span><\/span><\/span><\/span><\/span><\/span><\/span><\/span><\/a><span style=\"font-size: 10.5pt; font-family: 'Arial',sans-serif; color: black;\"><br \/><span style=\"vertical-align: inherit;\"><span style=\"vertical-align: inherit;\"><span style=\"vertical-align: inherit;\"><span style=\"vertical-align: inherit;\"><span style=\"vertical-align: inherit;\"><span style=\"vertical-align: inherit;\"><span style=\"vertical-align: inherit;\"><span style=\"vertical-align: inherit;\"> &#8211; Avoir 16 ans minimum.<\/span><\/span><\/span><\/span><\/span><\/span><\/span><\/span><\/span><\/p><p style=\"margin: 0cm 0cm 7.15pt 0cm;\"><span style=\"font-size: 10.5pt; font-family: 'Arial',sans-serif; color: black;\"><strong><span style=\"text-decoration: underline;\"><span style=\"vertical-align: inherit;\"><span style=\"vertical-align: inherit;\">\u00a0PERSONNES CONCERN\u00c9ES<\/span><\/span><\/span><\/strong><span style=\"vertical-align: inherit;\"><span style=\"vertical-align: inherit;\"> :<\/span><\/span><\/span><\/p><p style=\"margin: 0cm 0cm 7.15pt 0cm;\"><span style=\"font-size: 10.5pt; font-family: 'Arial',sans-serif; color: black;\"><span style=\"vertical-align: inherit;\"><span style=\"vertical-align: inherit;\"><span style=\"vertical-align: inherit;\"><span style=\"vertical-align: inherit;\"><span style=\"vertical-align: inherit;\"><span style=\"vertical-align: inherit;\"><span style=\"vertical-align: inherit;\"><span style=\"vertical-align: inherit;\">\u00a0&#8211; Toute personne d\u00e9sireuse d&#8217;acc\u00e9der \u00e0 la conduite d&#8217;un deux roues de moins de 11 kw (\u2248 15cv) ou d&#8217;un tricycle de 15 kw maximum (\u2248 20 cv).<\/span><\/span><\/span><\/span><\/span><\/span><\/span><\/span><\/span><\/p><p style=\"margin: 0cm 0cm 7.15pt 0cm;\"><span style=\"font-size: 10.5pt; font-family: 'Arial',sans-serif; color: black;\"><strong><span style=\"text-decoration: underline;\"><span style=\"vertical-align: inherit;\"><span style=\"vertical-align: inherit;\">\u00a0MODALIT\u00c9S D&#8217;EXAMEN<\/span><\/span><\/span><\/strong><span style=\"vertical-align: inherit;\"><span style=\"vertical-align: inherit;\"> :<\/span><\/span><\/span><\/p><p style=\"margin: 0cm 0cm 7.15pt 0cm;\"><span style=\"font-size: 10.5pt; font-family: 'Arial',sans-serif; color: black;\"><span style=\"vertical-align: inherit;\"><span style=\"vertical-align: inherit;\"><span style=\"vertical-align: inherit;\"><span style=\"vertical-align: inherit;\"><span style=\"vertical-align: inherit;\"><span style=\"vertical-align: inherit;\"><span style=\"vertical-align: inherit;\"><span style=\"vertical-align: inherit;\">\u00a0&#8211; Pr\u00e9sentation \u00e0 l&#8217;\u00e9preuve th\u00e9orique g\u00e9n\u00e9rale (examen de code) et \u00e0 l&#8217;examen pratique (en et hors circulation).<\/span><\/span><\/span><\/span><\/span><\/span><\/span><\/span><\/span><\/p><p style=\"margin: 0cm 0cm 7.15pt 0cm;\"><span style=\"font-size: 10.5pt; font-family: 'Arial',sans-serif; color: black;\"><span style=\"text-decoration: underline;\"><strong><span style=\"vertical-align: inherit;\"><span style=\"vertical-align: inherit;\">\u00a0DUR\u00c9E<\/span><\/span><\/strong><\/span><span style=\"vertical-align: inherit;\"><span style=\"vertical-align: inherit;\"> :<\/span><\/span><\/span><\/p><p style=\"margin: 0cm 0cm 7.15pt 0cm;\"><span style=\"font-size: 10.5pt; font-family: 'Arial',sans-serif; color: black;\"><span style=\"vertical-align: inherit;\"><span style=\"vertical-align: inherit;\"><span style=\"vertical-align: inherit;\"><span style=\"vertical-align: inherit;\"><span style=\"vertical-align: inherit;\"><span style=\"vertical-align: inherit;\"><span style=\"vertical-align: inherit;\"><span style=\"vertical-align: inherit;\">\u00a0&#8211; 20 heures de formation<\/span><\/span><\/span><\/span><\/span><\/span><\/span><\/span><\/span><\/p>\t\t\t\t\t\t<\/div>\n\t\t\t\t<\/div>\n\t\t\t\t\t<\/div>\n\t\t<\/div>\n\t\t\t\t\t\t\t<\/div>\n\t\t<\/section>\n\t\t\t\t<section class=\"elementor-section elementor-top-section elementor-element elementor-element-7c753f4 elementor-section-boxed elementor-section-height-default elementor-section-height-default\" data-id=\"7c753f4\" data-element_type=\"section\">\n\t\t\t\t\t\t<div class=\"elementor-container elementor-column-gap-default\">\n\t\t\t\t\t<div class=\"elementor-column elementor-col-100 elementor-top-column elementor-element elementor-element-e83aa53\" data-id=\"e83aa53\" data-element_type=\"column\">\n\t\t\t<div class=\"elementor-widget-wrap elementor-element-populated\">\n\t\t\t\t\t\t\t\t<div class=\"elementor-element elementor-element-b50b1c0 elementor-widget elementor-widget-heading\" data-id=\"b50b1c0\" data-element_type=\"widget\" data-widget_type=\"heading.default\">\n\t\t\t\t<div class=\"elementor-widget-container\">\n\t\t\t<h2 class=\"elementor-heading-title elementor-size-default\">PROGRAMME DE FORMATION<\/h2>\t\t<\/div>\n\t\t\t\t<\/div>\n\t\t\t\t\t<\/div>\n\t\t<\/div>\n\t\t\t\t\t\t\t<\/div>\n\t\t<\/section>\n\t\t\t\t<section class=\"elementor-section elementor-top-section elementor-element elementor-element-3e8dbf0 elementor-section-boxed elementor-section-height-default elementor-section-height-default\" data-id=\"3e8dbf0\" data-element_type=\"section\">\n\t\t\t\t\t\t<div class=\"elementor-container elementor-column-gap-default\">\n\t\t\t\t\t<div class=\"elementor-column elementor-col-100 elementor-top-column elementor-element elementor-element-83b54af\" data-id=\"83b54af\" data-element_type=\"column\">\n\t\t\t<div class=\"elementor-widget-wrap elementor-element-populated\">\n\t\t\t\t\t\t\t\t<div class=\"elementor-element elementor-element-2433461 elementor-widget elementor-widget-text-editor\" data-id=\"2433461\" data-element_type=\"widget\" data-widget_type=\"text-editor.default\">\n\t\t\t\t<div class=\"elementor-widget-container\">\n\t\t\t\t\t\t\t<p><span style=\"text-decoration: underline;\"><strong>PARTIE THEORIQUE<\/strong><\/span>\u00a0(2 heures) :<\/p><p>\u00a0\u00a0\u00a0 &#8211; Accidentalit\u00e9.<\/p><p>\u00a0\u00a0 \u00a0&#8211; D\u00e9tectabilit\u00e9.<\/p><p>\u00a0\u00a0 \u00a0&#8211; Vitesse.<\/p><p>\u00a0\u00a0 \u00a0&#8211; Conduite et produits psycho actifs.<\/p><p><span style=\"text-decoration: underline;\"><strong>PARTIE PRATIQUE<\/strong><\/span>\u00a0(5 heures dont deux sur circuit) :<\/p><p><span style=\"text-decoration: underline;\">Circuit<\/span> :<\/p><p>\u00a0\u00a0\u00a0\u00a0&#8211; Explications et travail sur les situations de changements de direction \u00e0 droite et \u00e0 gauche.<\/p><p>\u00a0\u00a0 \u00a0&#8211; Explications et travail sur le freinage.<\/p><p>\u00a0\u00a0 \u00a0&#8211; Explications et travail sur les techniques d\u2019inclinaison.<\/p><p><span style=\"text-decoration: underline;\">Sur route<\/span> :<\/p><p>\u00a0\u00a0 \u00a0&#8211; Audit de la conduite ax\u00e9 sur la perception, l\u2019analyse, la prise de d\u00e9cision et l\u2019action.<\/p><p>\u00a0\u00a0 \u00a0&#8211; Ressenti de l\u2019\u00e9l\u00e8ve sur sa prestation.<\/p><p>\u00a0\u00a0 \u00a0&#8211; \u00c9change avec les autres \u00e9l\u00e8ves sur ce qu\u2019ils ont per\u00e7u de la prestation.<\/p><p>\u00a0<\/p><p><strong><span style=\"text-decoration: underline;\">VALIDATION DE LA FORMATION<\/span> :<\/strong><\/p><p>\u00a0\u00a0\u00a0\u00a0D\u00e9livrance d&#8217;une attestation de fin de formation.<\/p><p>\u00a0<\/p>\t\t\t\t\t\t<\/div>\n\t\t\t\t<\/div>\n\t\t\t\t\t<\/div>\n\t\t<\/div>\n\t\t\t\t\t\t\t<\/div>\n\t\t<\/section>\n\t\t\t\t\t\t\t<\/div>\n\t\t","protected":false},"excerpt":{"rendered":"<p>Pr\u00e9-requis OBJECTIF : &#8211; Acqu\u00e9rir les comp\u00e9tences dans les domaines du savoir, savoir-faire et savoir \u00eatre n\u00e9cessaires \u00e0 la ma\u00eetrise d&#8217;un deux roues. PR\u00c9-REQUIS :\u00a0 &#8211; Satisfaire \u00e0 des conditions administratives &#8211; Avoir 16 ans minimum. \u00a0PERSONNES CONCERN\u00c9ES : \u00a0&#8211; Toute personne d\u00e9sireuse d&#8217;acc\u00e9der \u00e0 la conduite d&#8217;un deux roues de moins de 11 kw [&hellip;]<\/p>\n","protected":false},"author":1,"featured_media":0,"parent":0,"menu_order":0,"comment_status":"closed","ping_status":"closed","template":"","meta":{"_joinchat":[],"footnotes":""},"class_list":["post-3219","page","type-page","status-publish","hentry"],"_links":{"self":[{"href":"https:\/\/kbconduite.fr\/index.php?rest_route=\/wp\/v2\/pages\/3219","targetHints":{"allow":["GET"]}}],"collection":[{"href":"https:\/\/kbconduite.fr\/index.php?rest_route=\/wp\/v2\/pages"}],"about":[{"href":"https:\/\/kbconduite.fr\/index.php?rest_route=\/wp\/v2\/types\/page"}],"author":[{"embeddable":true,"href":"https:\/\/kbconduite.fr\/index.php?rest_route=\/wp\/v2\/users\/1"}],"replies":[{"embeddable":true,"href":"https:\/\/kbconduite.fr\/index.php?rest_route=%2Fwp%2Fv2%2Fcomments&post=3219"}],"version-history":[{"count":16,"href":"https:\/\/kbconduite.fr\/index.php?rest_route=\/wp\/v2\/pages\/3219\/revisions"}],"predecessor-version":[{"id":3269,"href":"https:\/\/kbconduite.fr\/index.php?rest_route=\/wp\/v2\/pages\/3219\/revisions\/3269"}],"wp:attachment":[{"href":"https:\/\/kbconduite.fr\/index.php?rest_route=%2Fwp%2Fv2%2Fmedia&parent=3219"}],"curies":[{"name":"wp","href":"https:\/\/api.w.org\/{rel}","templated":true}]}}