{"id":2866,"date":"2024-12-15T19:31:00","date_gmt":"2024-12-15T18:31:00","guid":{"rendered":"https:\/\/kbconduite.fr\/?page_id=2866"},"modified":"2024-12-16T17:30:16","modified_gmt":"2024-12-16T16:30:16","slug":"b-e-remorque","status":"publish","type":"page","link":"https:\/\/kbconduite.fr\/?page_id=2866","title":{"rendered":"B.E (Remorque)"},"content":{"rendered":"\t\t<div data-elementor-type=\"wp-page\" data-elementor-id=\"2866\" class=\"elementor elementor-2866\">\n\t\t\t\t\t\t\t\t\t<section class=\"elementor-section elementor-top-section elementor-element elementor-element-298864a elementor-section-boxed elementor-section-height-default elementor-section-height-default\" data-id=\"298864a\" data-element_type=\"section\">\n\t\t\t\t\t\t<div class=\"elementor-container elementor-column-gap-default\">\n\t\t\t\t\t<div class=\"elementor-column elementor-col-100 elementor-top-column elementor-element elementor-element-18388b6\" data-id=\"18388b6\" data-element_type=\"column\">\n\t\t\t<div class=\"elementor-widget-wrap elementor-element-populated\">\n\t\t\t\t\t\t\t\t<div class=\"elementor-element elementor-element-09321b0 elementor-widget elementor-widget-heading\" data-id=\"09321b0\" data-element_type=\"widget\" data-widget_type=\"heading.default\">\n\t\t\t\t<div class=\"elementor-widget-container\">\n\t\t\t<h2 class=\"elementor-heading-title elementor-size-default\">Permis BE (remorque)<\/h2>\t\t<\/div>\n\t\t\t\t<\/div>\n\t\t\t\t\t<\/div>\n\t\t<\/div>\n\t\t\t\t\t\t\t<\/div>\n\t\t<\/section>\n\t\t\t\t<section class=\"elementor-section elementor-top-section elementor-element elementor-element-27241e6 elementor-section-boxed elementor-section-height-default elementor-section-height-default\" data-id=\"27241e6\" data-element_type=\"section\">\n\t\t\t\t\t\t<div class=\"elementor-container elementor-column-gap-default\">\n\t\t\t\t\t<div class=\"elementor-column elementor-col-100 elementor-top-column elementor-element elementor-element-5fa7c89\" data-id=\"5fa7c89\" data-element_type=\"column\">\n\t\t\t<div class=\"elementor-widget-wrap elementor-element-populated\">\n\t\t\t\t\t\t\t\t<div class=\"elementor-element elementor-element-1b687d4 elementor-widget elementor-widget-text-editor\" data-id=\"1b687d4\" data-element_type=\"widget\" data-widget_type=\"text-editor.default\">\n\t\t\t\t<div class=\"elementor-widget-container\">\n\t\t\t\t\t\t\t<p><strong><span style=\"vertical-align: inherit;\"><span style=\"vertical-align: inherit;\"><span style=\"vertical-align: inherit;\"><span style=\"vertical-align: inherit;\"><span style=\"text-decoration: underline;\">PR\u00c9-REQUIS<\/span> :<\/span><\/span><\/span><\/span><\/strong><\/p><ul><li><span style=\"vertical-align: inherit;\"><span style=\"vertical-align: inherit;\"><span style=\"vertical-align: inherit;\">\u00catre \u00e2g\u00e9 de 18 ans minimum<\/span><\/span><\/span><\/li><li><span style=\"vertical-align: inherit;\"><span style=\"vertical-align: inherit;\"><span style=\"vertical-align: inherit;\"><span style=\"vertical-align: inherit;\">\u00catre titulaire du permis B en cours de validit\u00e9.<\/span><\/span><\/span><\/span><\/li><li><span style=\"vertical-align: inherit;\"><span style=\"vertical-align: inherit;\"><span style=\"vertical-align: inherit;\"><span style=\"vertical-align: inherit;\">L&#8217;Epreuve Th\u00e9orique G\u00e9n\u00e9rale du code de la route est \u00e0 repasser, si la derni\u00e8re cat\u00e9gorie de permis date de plus de 5 ans.<\/span><\/span><\/span><\/span><\/li><\/ul><p><strong><span style=\"vertical-align: inherit;\"><span style=\"vertical-align: inherit;\"><span style=\"vertical-align: inherit;\"><span style=\"vertical-align: inherit;\"><span style=\"text-decoration: underline;\">PERSONNES CONCERN\u00c9ES<\/span> :<\/span><\/span><\/span><\/span><\/strong><\/p><p><span style=\"vertical-align: inherit;\"><span style=\"vertical-align: inherit;\"><span style=\"vertical-align: inherit;\"><span style=\"vertical-align: inherit;\">Toutes personnes d\u00e9sireuses d&#8217;acc\u00e9der \u00e0 la conduite des v\u00e9hicules de cat\u00e9gorie Battel\u00e9s \u00e0 une remorque ou une semi-remorque lorsque le PTAC de celle-ci est sup\u00e9rieur \u00e0 750 kg et inf\u00e9rieur \u00e0 3500 kg, et que la somme des PTAC du v\u00e9hicule tracteur et de la remorque est sup\u00e9rieure \u00e0 4250 kg (lorsque la remorque ou la semi-remorque a un PTAC sup\u00e9rieur \u00e0 3500 kg, les permis C1E ou CE sont n\u00e9cessaires)<\/span><\/span><\/span><\/span><\/p><p><strong><span style=\"vertical-align: inherit;\"><span style=\"vertical-align: inherit;\"><span style=\"vertical-align: inherit;\"><span style=\"vertical-align: inherit;\"><span style=\"text-decoration: underline;\">VALIDATION DES ACQUIS<\/span> :<\/span><\/span><\/span><\/span><\/strong><\/p><ul><li><span style=\"vertical-align: inherit;\"><span style=\"vertical-align: inherit;\"><span style=\"vertical-align: inherit;\"><span style=\"vertical-align: inherit;\">Examen et validation par l&#8217;Inspecteur du Permis de Conduire et de la S\u00e9curit\u00e9 Routi\u00e8re.<\/span><\/span><\/span><\/span><\/li><\/ul>\t\t\t\t\t\t<\/div>\n\t\t\t\t<\/div>\n\t\t\t\t\t<\/div>\n\t\t<\/div>\n\t\t\t\t\t\t\t<\/div>\n\t\t<\/section>\n\t\t\t\t<section class=\"elementor-section elementor-top-section elementor-element elementor-element-318ab0d elementor-section-boxed elementor-section-height-default elementor-section-height-default\" data-id=\"318ab0d\" data-element_type=\"section\">\n\t\t\t\t\t\t<div class=\"elementor-container elementor-column-gap-default\">\n\t\t\t\t\t<div class=\"elementor-column elementor-col-100 elementor-top-column elementor-element elementor-element-145ab08\" data-id=\"145ab08\" data-element_type=\"column\">\n\t\t\t<div class=\"elementor-widget-wrap elementor-element-populated\">\n\t\t\t\t\t\t\t\t<div class=\"elementor-element elementor-element-9c33a7b elementor-widget elementor-widget-text-editor\" data-id=\"9c33a7b\" data-element_type=\"widget\" data-widget_type=\"text-editor.default\">\n\t\t\t\t<div class=\"elementor-widget-container\">\n\t\t\t\t\t\t\t<div class=\"blog-post--body-container--left-col z-3\"><div class=\"card-fixed\"><div id=\"hs_cos_wrapper_module_163584847910318\" class=\"hs_cos_wrapper hs_cos_wrapper_widget hs_cos_wrapper_type_module\" data-hs-cos-general-type=\"widget\" data-hs-cos-type=\"module\"><div id=\"module_163584847910318\" class=\"component-card-fixed pt-20 pb-20 pl-20 pr-20 bck-corporate-blue\"><div class=\"wrapper d-flex\"><div class=\"content-add-content pb-10\"><div class=\"widget-type-rich_text\">\u00a0<\/div><\/div><\/div><\/div><\/div><\/div><\/div><div class=\"blog-post--body-container--right-col\"><div class=\"blog-post--body h-auto widget-type-rich_text\"><p><span style=\"vertical-align: inherit;\"><span style=\"vertical-align: inherit;\"><span style=\"vertical-align: inherit;\"><span style=\"vertical-align: inherit;\">La formation au permis BE dure 14 heures <\/span><\/span><\/span><\/span><span style=\"vertical-align: inherit;\"><span style=\"vertical-align: inherit;\"><span style=\"vertical-align: inherit;\"><span style=\"vertical-align: inherit;\">\u00a0 et comprend une partie th\u00e9orique et quelques heures d\u00e9di\u00e9es \u00e0 la pratique de la conduite du v\u00e9hicule.<\/span><\/span><\/span><\/span><\/p><h3><span style=\"text-decoration: underline;\"><strong>Partie th\u00e9orique<\/strong><\/span> :<\/h3><p><span style=\"vertical-align: inherit;\"><span style=\"vertical-align: inherit;\"><span style=\"vertical-align: inherit;\"><span style=\"vertical-align: inherit;\">La partie th\u00e9orique consiste en des exercices divers comme :<\/span><\/span><\/span><\/span><\/p><ul><li><span style=\"vertical-align: inherit;\"><span style=\"vertical-align: inherit;\">attelage et t\u00e9l\u00e9lage de la remorque\u00a0<\/span><\/span><\/li><li><span style=\"vertical-align: inherit;\"><span style=\"vertical-align: inherit;\">contr\u00f4le de s\u00e9curit\u00e9 de base<\/span><\/span><\/li><li><span style=\"vertical-align: inherit;\"><span style=\"vertical-align: inherit;\">les diff\u00e9rentes r\u00e8gles de s\u00e9curit\u00e9 lors de la conduite<\/span><\/span><\/li><\/ul><h3><span style=\"vertical-align: inherit;\"><span style=\"vertical-align: inherit;\"><span style=\"text-decoration: underline;\"><span style=\"vertical-align: inherit;\"><span style=\"vertical-align: inherit;\"><strong>Partie pratique<\/strong><\/span><\/span><\/span><span style=\"vertical-align: inherit;\"><span style=\"vertical-align: inherit;\"> :<\/span><\/span><\/span><\/span><\/h3><p><span style=\"vertical-align: inherit;\"><span style=\"vertical-align: inherit;\"><span style=\"vertical-align: inherit;\"><span style=\"vertical-align: inherit;\">La formation pratique sur route consiste en des exercices pour la ma\u00eetrise du v\u00e9hicule et ses commandes <\/span><\/span><\/span><\/span><span style=\"vertical-align: inherit;\"><span style=\"vertical-align: inherit;\"><span style=\"vertical-align: inherit;\"><span style=\"vertical-align: inherit;\">, pour la circulation dans le respect des r\u00e8gles de s\u00e9curit\u00e9, la conduite en toute autonomie en connaissance des particularit\u00e9s sp\u00e9cifiques \u00e0 un ensemble de v\u00e9hicules.<\/span><\/span><\/span><\/span><\/p><\/div><\/div>\t\t\t\t\t\t<\/div>\n\t\t\t\t<\/div>\n\t\t\t\t\t<\/div>\n\t\t<\/div>\n\t\t\t\t\t\t\t<\/div>\n\t\t<\/section>\n\t\t\t\t<section class=\"elementor-section elementor-top-section elementor-element elementor-element-610281a elementor-section-boxed elementor-section-height-default elementor-section-height-default\" data-id=\"610281a\" data-element_type=\"section\">\n\t\t\t\t\t\t<div class=\"elementor-container elementor-column-gap-default\">\n\t\t\t\t\t<div class=\"elementor-column elementor-col-100 elementor-top-column elementor-element elementor-element-fdd9071\" data-id=\"fdd9071\" data-element_type=\"column\">\n\t\t\t<div class=\"elementor-widget-wrap elementor-element-populated\">\n\t\t\t\t\t\t\t\t<div class=\"elementor-element elementor-element-26dff9b elementor-widget elementor-widget-heading\" data-id=\"26dff9b\" data-element_type=\"widget\" data-widget_type=\"heading.default\">\n\t\t\t\t<div class=\"elementor-widget-container\">\n\t\t\t<h2 class=\"elementor-heading-title elementor-size-default\">PROGRAMME DE FORMATION <\/h2>\t\t<\/div>\n\t\t\t\t<\/div>\n\t\t\t\t\t<\/div>\n\t\t<\/div>\n\t\t\t\t\t\t\t<\/div>\n\t\t<\/section>\n\t\t\t\t<section class=\"elementor-section elementor-top-section elementor-element elementor-element-27186c0 elementor-section-boxed elementor-section-height-default elementor-section-height-default\" data-id=\"27186c0\" data-element_type=\"section\">\n\t\t\t\t\t\t<div class=\"elementor-container elementor-column-gap-default\">\n\t\t\t\t\t<div class=\"elementor-column elementor-col-100 elementor-top-column elementor-element elementor-element-1a111e3\" data-id=\"1a111e3\" data-element_type=\"column\">\n\t\t\t<div class=\"elementor-widget-wrap elementor-element-populated\">\n\t\t\t\t\t\t\t\t<div class=\"elementor-element elementor-element-96026aa elementor-widget elementor-widget-text-editor\" data-id=\"96026aa\" data-element_type=\"widget\" data-widget_type=\"text-editor.default\">\n\t\t\t\t<div class=\"elementor-widget-container\">\n\t\t\t\t\t\t\t<p><span style=\"text-decoration: underline;\"><strong><span style=\"vertical-align: inherit;\"><span style=\"vertical-align: inherit;\"><span style=\"vertical-align: inherit;\"><span style=\"vertical-align: inherit;\">Comp\u00e9tence 1<\/span><\/span><\/span><\/span><\/strong><\/span><span style=\"vertical-align: inherit;\"><span style=\"vertical-align: inherit;\"><span style=\"vertical-align: inherit;\"><span style=\"vertical-align: inherit;\"> : Ma\u00eetriser le maniement de l&#8217;ensemble dans un trafic faible ou nul<\/span><\/span><\/span><\/span><\/p><p><span style=\"vertical-align: inherit;\"><span style=\"vertical-align: inherit;\"><span style=\"vertical-align: inherit;\"><span style=\"vertical-align: inherit;\">-Conna\u00eetre les principaux organes et le tableau bord<\/span><\/span><\/span><\/span><\/p><p><span style=\"vertical-align: inherit;\"><span style=\"vertical-align: inherit;\"><span style=\"vertical-align: inherit;\"><span style=\"vertical-align: inherit;\">-S&#8217;installer au poste de conduite\u00a0<\/span><\/span><\/span><\/span><\/p><p><span style=\"vertical-align: inherit;\"><span style=\"vertical-align: inherit;\"><span style=\"vertical-align: inherit;\"><span style=\"vertical-align: inherit;\">-Effectuer les contr\u00f4les visuels avant la mise en route du moteur.<\/span><\/span><\/span><\/span><\/p><p><span style=\"vertical-align: inherit;\"><span style=\"vertical-align: inherit;\"><span style=\"vertical-align: inherit;\"><span style=\"vertical-align: inherit;\">&#8211; Diriger l&#8217;ensemble en marche avant et arri\u00e8re, en ligne droite et en courbe.<\/span><\/span><\/span><\/span><\/p><p><span style=\"vertical-align: inherit;\"><span style=\"vertical-align: inherit;\"><span style=\"vertical-align: inherit;\"><span style=\"vertical-align: inherit;\">-Regarder autour de soi et \u00e9viter.<\/span><\/span><\/span><\/span><\/p><p><span style=\"vertical-align: inherit;\"><span style=\"vertical-align: inherit;\"><span style=\"vertical-align: inherit;\"><span style=\"vertical-align: inherit;\">-Conna\u00eetre les \u00e9l\u00e9ments constitutifs de la cha\u00eene cin\u00e9matique et leurs fonctionnements.<\/span><\/span><\/span><\/span><\/p><p><span style=\"vertical-align: inherit;\"><span style=\"vertical-align: inherit;\"><span style=\"vertical-align: inherit;\"><span style=\"vertical-align: inherit;\">-Savoir r\u00e9aliser un d\u00e9telage et un attelage.<\/span><\/span><\/span><\/span><\/p><p><span style=\"text-decoration: underline;\"><strong><span style=\"vertical-align: inherit;\"><span style=\"vertical-align: inherit;\"><span style=\"vertical-align: inherit;\"><span style=\"vertical-align: inherit;\">Comp\u00e9tence 2<\/span><\/span><\/span><\/span><\/strong><\/span><span style=\"vertical-align: inherit;\"><span style=\"vertical-align: inherit;\"><span style=\"vertical-align: inherit;\"><span style=\"vertical-align: inherit;\"> : Appr\u00e9hender la route en fonction du gabarit de l&#8217;ensemble dans des conditions normales de circulation<\/span><\/span><\/span><\/span><\/p><p><span style=\"vertical-align: inherit;\"><span style=\"vertical-align: inherit;\"><span style=\"vertical-align: inherit;\"><span style=\"vertical-align: inherit;\">-Rechercher la signalisation et les indices utiles.<\/span><\/span><\/span><\/span><\/p><p><span style=\"vertical-align: inherit;\"><span style=\"vertical-align: inherit;\"><span style=\"vertical-align: inherit;\"><span style=\"vertical-align: inherit;\">-Conna\u00eetre et respecter les r\u00e8gles de circulation.<\/span><\/span><\/span><\/span><\/p><p><span style=\"vertical-align: inherit;\"><span style=\"vertical-align: inherit;\"><span style=\"vertical-align: inherit;\"><span style=\"vertical-align: inherit;\">-Positionner l&#8217;ensemble sur la chauss\u00e9e et choisir la voie de circulation.<\/span><\/span><\/span><\/span><\/p><p><span style=\"vertical-align: inherit;\"><span style=\"vertical-align: inherit;\"><span style=\"vertical-align: inherit;\"><span style=\"vertical-align: inherit;\">-Utiliser toutes les commandes et adapter l&#8217;allure aux situations.<\/span><\/span><\/span><\/span><\/p><p><span style=\"vertical-align: inherit;\"><span style=\"vertical-align: inherit;\"><span style=\"vertical-align: inherit;\"><span style=\"vertical-align: inherit;\">-Tourner \u00e0 droite et \u00e0 gauche.<\/span><\/span><\/span><\/span><\/p><p><span style=\"vertical-align: inherit;\"><span style=\"vertical-align: inherit;\"><span style=\"vertical-align: inherit;\"><span style=\"vertical-align: inherit;\">-D\u00e9tecter, identifier et franchir les intersections suivant le r\u00e9gime de priorit\u00e9.<\/span><\/span><\/span><\/span><\/p><p><span style=\"vertical-align: inherit;\"><span style=\"vertical-align: inherit;\"><span style=\"vertical-align: inherit;\"><span style=\"vertical-align: inherit;\">-Franchir les ronds-points et les carrefours \u00e0 sens giratoire.<\/span><\/span><\/span><\/span><\/p><p><span style=\"text-decoration: underline;\"><strong><span style=\"vertical-align: inherit;\"><span style=\"vertical-align: inherit;\"><span style=\"vertical-align: inherit;\"><span style=\"vertical-align: inherit;\">Comp\u00e9tence 3<\/span><\/span><\/span><\/span><\/strong><\/span><span style=\"vertical-align: inherit;\"><span style=\"vertical-align: inherit;\"><span style=\"vertical-align: inherit;\"><span style=\"vertical-align: inherit;\"> : Circuler dans des conditions difficiles et partager avec les autres usagers\u00a0<\/span><\/span><\/span><\/span><\/p><p><span style=\"vertical-align: inherit;\"><span style=\"vertical-align: inherit;\"><span style=\"vertical-align: inherit;\"><span style=\"vertical-align: inherit;\">-\u00c9valuer et maintenir les distances de s\u00e9curit\u00e9.<\/span><\/span><\/span><\/span><\/p><p><span style=\"vertical-align: inherit;\"><span style=\"vertical-align: inherit;\"><span style=\"vertical-align: inherit;\"><span style=\"vertical-align: inherit;\">-Croiser, d\u00e9passer, \u00eatre d\u00e9pass\u00e9<\/span><\/span><\/span><\/span><\/p><p><span style=\"vertical-align: inherit;\"><span style=\"vertical-align: inherit;\"><span style=\"vertical-align: inherit;\"><span style=\"vertical-align: inherit;\">-N\u00e9gocier les virages de fa\u00e7on s\u00e9curisante .<\/span><\/span><\/span><\/span><\/p><p><span style=\"vertical-align: inherit;\"><span style=\"vertical-align: inherit;\"><span style=\"vertical-align: inherit;\"><span style=\"vertical-align: inherit;\">-Conna\u00eetre les caract\u00e9ristiques des autres usagers et savoir se comporter \u00e0 leur \u00e9gard.<\/span><\/span><\/span><\/span><\/p><p><span style=\"vertical-align: inherit;\"><span style=\"vertical-align: inherit;\"><span style=\"vertical-align: inherit;\"><span style=\"vertical-align: inherit;\">-Quitter un stationnement, repartir apr\u00e8s un arr\u00eat et s&#8217;ins\u00e9rer dans la circulation.<\/span><\/span><\/span><\/span><\/p><p><span style=\"vertical-align: inherit;\"><span style=\"vertical-align: inherit;\"><span style=\"vertical-align: inherit;\"><span style=\"vertical-align: inherit;\">-S&#8217;ins\u00e9rer, circuler et sortir d&#8217;une voie rapide.<\/span><\/span><\/span><\/span><\/p><p><span style=\"vertical-align: inherit;\"><span style=\"vertical-align: inherit;\"><span style=\"vertical-align: inherit;\"><span style=\"vertical-align: inherit;\">-Conduire dans un fichier de v\u00e9hicules et dans une circulation dense.<\/span><\/span><\/span><\/span><\/p><p><span style=\"vertical-align: inherit;\"><span style=\"vertical-align: inherit;\"><span style=\"vertical-align: inherit;\"><span style=\"vertical-align: inherit;\">-Conduire en d\u00e9clivit\u00e9.<\/span><\/span><\/span><\/span><\/p><p><span style=\"vertical-align: inherit;\"><span style=\"vertical-align: inherit;\"><span style=\"vertical-align: inherit;\"><span style=\"vertical-align: inherit;\">-Conduire lorsque l&#8217;adh\u00e9sion et la visibilit\u00e9 sont r\u00e9duites.<\/span><\/span><\/span><\/span><\/p><p><span style=\"text-decoration: underline;\"><strong><span style=\"vertical-align: inherit;\"><span style=\"vertical-align: inherit;\"><span style=\"vertical-align: inherit;\"><span style=\"vertical-align: inherit;\">Comp\u00e9tence 4<\/span><\/span><\/span><\/span><\/strong><\/span><span style=\"vertical-align: inherit;\"><span style=\"vertical-align: inherit;\"><span style=\"vertical-align: inherit;\"><span style=\"vertical-align: inherit;\"> :Pratiquer une conduite autonome, s\u00fbre et \u00e9conomique\u00a0<\/span><\/span><\/span><\/span><\/p><p><span style=\"vertical-align: inherit;\"><span style=\"vertical-align: inherit;\"><span style=\"vertical-align: inherit;\"><span style=\"vertical-align: inherit;\">-Suivre un itin\u00e9raire de mani\u00e8re autonome.<\/span><\/span><\/span><\/span><\/p><p><span style=\"vertical-align: inherit;\"><span style=\"vertical-align: inherit;\"><span style=\"vertical-align: inherit;\"><span style=\"vertical-align: inherit;\">-Conna\u00eetre les principaux facteurs de risque au volant.<\/span><\/span><\/span><\/span><\/p><p><span style=\"vertical-align: inherit;\"><span style=\"vertical-align: inherit;\"><span style=\"vertical-align: inherit;\"><span style=\"vertical-align: inherit;\">-Savoir pr\u00e9parer un trajet longue distance en autonomie.<\/span><\/span><\/span><\/span><\/p><p><span style=\"vertical-align: inherit;\"><span style=\"vertical-align: inherit;\"><span style=\"vertical-align: inherit;\"><span style=\"vertical-align: inherit;\">-Conna\u00eetre les comportements \u00e0 adopter en cas d&#8217;accident : <\/span><\/span><\/span><\/span><span style=\"text-decoration: underline;\"><strong><span style=\"vertical-align: inherit;\"><span style=\"vertical-align: inherit;\"><span style=\"vertical-align: inherit;\"><span style=\"vertical-align: inherit;\">Prot\u00e9ger, Alerter et Secourir.<\/span><\/span><\/span><\/span><\/strong><\/span><\/p><p><span style=\"vertical-align: inherit;\"><span style=\"vertical-align: inherit;\"><span style=\"vertical-align: inherit;\"><span style=\"vertical-align: inherit;\">-Conna\u00eetre les aides \u00e0 la conduite.<\/span><\/span><\/span><\/span><\/p><p><span style=\"vertical-align: inherit;\"><span style=\"vertical-align: inherit;\"><span style=\"vertical-align: inherit;\"><span style=\"vertical-align: inherit;\">-Avoir des notions sur l&#8217;entretien, le d\u00e9pannage et les situations d&#8217;urgence.<\/span><\/span><\/span><\/span><\/p><p><span style=\"vertical-align: inherit;\"><span style=\"vertical-align: inherit;\"><span style=\"vertical-align: inherit;\"><span style=\"vertical-align: inherit;\">-Pratiquer l&#8217;\u00e9co conduite.<\/span><\/span><\/span><\/span><\/p>\t\t\t\t\t\t<\/div>\n\t\t\t\t<\/div>\n\t\t\t\t\t<\/div>\n\t\t<\/div>\n\t\t\t\t\t\t\t<\/div>\n\t\t<\/section>\n\t\t\t\t\t\t\t<\/div>\n\t\t","protected":false},"excerpt":{"rendered":"<p>Permis BE (remorque) PR\u00c9-REQUIS : \u00catre \u00e2g\u00e9 de 18 ans minimum \u00catre titulaire du permis B en cours de validit\u00e9. L&#8217;Epreuve Th\u00e9orique G\u00e9n\u00e9rale du code de la route est \u00e0 repasser, si la derni\u00e8re cat\u00e9gorie de permis date de plus de 5 ans. PERSONNES CONCERN\u00c9ES : Toutes personnes d\u00e9sireuses d&#8217;acc\u00e9der \u00e0 la conduite des v\u00e9hicules [&hellip;]<\/p>\n","protected":false},"author":1,"featured_media":0,"parent":0,"menu_order":0,"comment_status":"closed","ping_status":"closed","template":"","meta":{"_joinchat":[],"footnotes":""},"class_list":["post-2866","page","type-page","status-publish","hentry"],"_links":{"self":[{"href":"https:\/\/kbconduite.fr\/index.php?rest_route=\/wp\/v2\/pages\/2866","targetHints":{"allow":["GET"]}}],"collection":[{"href":"https:\/\/kbconduite.fr\/index.php?rest_route=\/wp\/v2\/pages"}],"about":[{"href":"https:\/\/kbconduite.fr\/index.php?rest_route=\/wp\/v2\/types\/page"}],"author":[{"embeddable":true,"href":"https:\/\/kbconduite.fr\/index.php?rest_route=\/wp\/v2\/users\/1"}],"replies":[{"embeddable":true,"href":"https:\/\/kbconduite.fr\/index.php?rest_route=%2Fwp%2Fv2%2Fcomments&post=2866"}],"version-history":[{"count":25,"href":"https:\/\/kbconduite.fr\/index.php?rest_route=\/wp\/v2\/pages\/2866\/revisions"}],"predecessor-version":[{"id":2982,"href":"https:\/\/kbconduite.fr\/index.php?rest_route=\/wp\/v2\/pages\/2866\/revisions\/2982"}],"wp:attachment":[{"href":"https:\/\/kbconduite.fr\/index.php?rest_route=%2Fwp%2Fv2%2Fmedia&parent=2866"}],"curies":[{"name":"wp","href":"https:\/\/api.w.org\/{rel}","templated":true}]}}