{"id":1445,"date":"2022-05-26T18:30:36","date_gmt":"2022-05-26T16:30:36","guid":{"rendered":"http:\/\/kbconduite.fr\/?page_id=1445"},"modified":"2024-02-09T09:47:42","modified_gmt":"2024-02-09T08:47:42","slug":"cgv","status":"publish","type":"page","link":"https:\/\/kbconduite.fr\/?page_id=1445","title":{"rendered":"CGV"},"content":{"rendered":"\t\t<div data-elementor-type=\"wp-page\" data-elementor-id=\"1445\" class=\"elementor elementor-1445\">\n\t\t\t\t\t\t\t\t\t<section class=\"elementor-section elementor-top-section elementor-element elementor-element-9def3d2 elementor-section-boxed elementor-section-height-default elementor-section-height-default\" data-id=\"9def3d2\" data-element_type=\"section\">\n\t\t\t\t\t\t<div class=\"elementor-container elementor-column-gap-default\">\n\t\t\t\t\t<div class=\"elementor-column elementor-col-100 elementor-top-column elementor-element elementor-element-64daa6c\" data-id=\"64daa6c\" data-element_type=\"column\">\n\t\t\t<div class=\"elementor-widget-wrap elementor-element-populated\">\n\t\t\t\t\t\t\t\t<div class=\"elementor-element elementor-element-a5eca27 elementor-widget elementor-widget-heading\" data-id=\"a5eca27\" data-element_type=\"widget\" data-widget_type=\"heading.default\">\n\t\t\t\t<div class=\"elementor-widget-container\">\n\t\t\t<h3 class=\"elementor-heading-title elementor-size-default\">CONDITIONS GENERALES DE VENTE<\/h3>\t\t<\/div>\n\t\t\t\t<\/div>\n\t\t\t\t\t<\/div>\n\t\t<\/div>\n\t\t\t\t\t\t\t<\/div>\n\t\t<\/section>\n\t\t\t\t<section class=\"elementor-section elementor-top-section elementor-element elementor-element-f123915 elementor-section-boxed elementor-section-height-default elementor-section-height-default\" data-id=\"f123915\" data-element_type=\"section\">\n\t\t\t\t\t\t<div class=\"elementor-container elementor-column-gap-default\">\n\t\t\t\t\t<div class=\"elementor-column elementor-col-100 elementor-top-column elementor-element elementor-element-728d604\" data-id=\"728d604\" data-element_type=\"column\">\n\t\t\t<div class=\"elementor-widget-wrap elementor-element-populated\">\n\t\t\t\t\t\t\t\t<div class=\"elementor-element elementor-element-2db5922 elementor-widget elementor-widget-text-editor\" data-id=\"2db5922\" data-element_type=\"widget\" data-widget_type=\"text-editor.default\">\n\t\t\t\t<div class=\"elementor-widget-container\">\n\t\t\t\t\t\t\t<p class=\"_04xlpA direction-ltr align-justify para-style-body\"><span class=\"JsGRdQ\">Toutes nos formations sont dispens\u00e9es par des enseignants dipl\u00f4m\u00e9s.<\/span><\/p><p class=\"_04xlpA direction-ltr align-justify para-style-body\"><span style=\"font-style: inherit; font-weight: inherit;\">1 le\u00e7on de conduite correspond \u00e0 des cours th\u00e9oriques et pratiques de conduite qui ont une dur\u00e9e inf\u00e9rieur \u00e0 60 minutes.<\/span><\/p><p class=\"_04xlpA direction-ltr align-justify para-style-body\"><span class=\"JsGRdQ\">Lors d\u2019une r\u00e9servation de le\u00e7on de conduite de 2 heures une pause de 5 \u00e0 10 minutes est impos\u00e9e \u00e0 l&#8217;\u00e9l\u00e8ve \u00e0 la fin de la premi\u00e8re heure.<\/span><\/p><p class=\"_04xlpA direction-ltr align-justify para-style-body\">\u00a0<\/p><p class=\"_04xlpA direction-ltr align-justify para-style-body\"><span class=\"JsGRdQ\">Pour toute inscription et devis, l&#8217;heure d\u2019\u00e9valuation de d\u00e9part est obligatoire afin de r\u00e9aliser un devis personnalis\u00e9 et un contrat type d\u2019enseignement \u00e0 la conduite avec possibilit\u00e9 de recourir \u00e0 un m\u00e9diateur* en cas de litige.<\/span><\/p><p class=\"_04xlpA direction-ltr align-justify para-style-body\">\u00a0<\/p><p class=\"_04xlpA direction-ltr align-justify para-style-body\"><span class=\"JsGRdQ\">L&#8217;examen dans sa forme actuelle se compose de deux \u00e9preuves.<\/span><\/p><p class=\"_04xlpA direction-ltr align-justify para-style-body\">\u00a0<\/p><p class=\"_04xlpA direction-ltr align-justify para-style-body\"><span class=\"JsGRdQ\">&#8211; L&#8217;\u00e9preuve th\u00e9orique du code de la route. Cette \u00e9preuve consiste en un questionnaire de 40 questions \u00e0 choix multiples. La limite d&#8217;admissibilit\u00e9 est de 5 erreurs. La r\u00e9ussite \u00e0 cette \u00e9preuve est n\u00e9cessaire pour pouvoir passer l&#8217;\u00e9preuve pratique, au maximum 5 ans apr\u00e8s.<\/span><\/p><p class=\"_04xlpA direction-ltr align-justify para-style-body\">\u00a0<\/p><p class=\"_04xlpA direction-ltr align-justify para-style-body\"><span class=\"JsGRdQ\">&#8211; L&#8217;\u00e9preuve pratique de la cat\u00e9gorie B dure environ 33 minutes, dont 25 minutes de conduite effective. Le candidat conduit dans des situations vari\u00e9es en pr\u00e9sence d&#8217;un inspecteur qui appr\u00e9cie son comportement au regard d&#8217;une proc\u00e9dure d&#8217;\u00e9valuation. Cette proc\u00e9dure met en balance d&#8217;un c\u00f4t\u00e9 le comportement que devrait id\u00e9alement adopter tout conducteur dans les diverses situations de conduite, et de l&#8217;autre les erreurs \u00e9ventuellement commises par le candidat. Toutes les erreurs n&#8217;ont pas le m\u00eame degr\u00e9 de gravit\u00e9 et n&#8217;entra\u00eenent pas syst\u00e9matiquement l&#8217;\u00e9chec \u00e0 l&#8217;examen. Pour certaines erreurs, l&#8217;inspecteur alertera le candidat et ne conclura \u00e0 une d\u00e9cision d\u00e9favorable que si cette erreur se r\u00e9p\u00e8te au moins une fois. En revanche, certaines erreurs tr\u00e8s graves entra\u00eenent syst\u00e9matiquement une d\u00e9cision d\u00e9favorable. De plus, deux questions tr\u00e8s simples sont pos\u00e9es concernant des points \u00e0 v\u00e9rifier sur la voiture (un \u00e0 l&#8217;int\u00e9rieur et l&#8217;autre \u00e0 l&#8217;ext\u00e9rieur du v\u00e9hicule) : elles peuvent concerner un \u00e9quipement, le moteur, la s\u00e9curit\u00e9&#8230; En outre, deux man\u0153uvres diff\u00e9rentes sont obligatoires, dont au moins une en marche arri\u00e8re. Les man\u0153uvres sont not\u00e9es A (bon), B (moyen mais non dangereux) ou C (dangereux). Les questions sont not\u00e9es A ou B. Sur les 2 questions et les 2 man\u0153uvres, le candidat doit obtenir au moins un A pour obtenir son permis de conduire (\u00e9chec si 4 notations B). Une notation C \u00e0 une man\u0153uvre est \u00e9liminatoire.<\/span><\/p><p class=\"_04xlpA direction-ltr align-justify para-style-body\">\u00a0<\/p><p class=\"_04xlpA direction-ltr align-justify para-style-body\"><span class=\"JsGRdQ\">V\u00e9hicules dont le PTAC n&#8217;exc\u00e8de pas 3500 kg et comportant au maximum 9 places assises (conducteur compris). Permet aussi de tracter une remorque de moins de 750 kg, et une remorque de plus de 750 kg \u00e0 condition que : PTAC remorque &lt; PV v\u00e9hicule tracteur, et que : PTRA &lt; 3500 kg<\/span><\/p>\t\t\t\t\t\t<\/div>\n\t\t\t\t<\/div>\n\t\t\t\t\t<\/div>\n\t\t<\/div>\n\t\t\t\t\t\t\t<\/div>\n\t\t<\/section>\n\t\t\t\t\t\t\t<\/div>\n\t\t","protected":false},"excerpt":{"rendered":"<p>CONDITIONS GENERALES DE VENTE Toutes nos formations sont dispens\u00e9es par des enseignants dipl\u00f4m\u00e9s. 1 le\u00e7on de conduite correspond \u00e0 des cours th\u00e9oriques et pratiques de conduite qui ont une dur\u00e9e inf\u00e9rieur \u00e0 60 minutes. Lors d\u2019une r\u00e9servation de le\u00e7on de conduite de 2 heures une pause de 5 \u00e0 10 minutes est impos\u00e9e \u00e0 l&#8217;\u00e9l\u00e8ve [&hellip;]<\/p>\n","protected":false},"author":1,"featured_media":0,"parent":0,"menu_order":0,"comment_status":"closed","ping_status":"closed","template":"","meta":{"_joinchat":[],"footnotes":""},"class_list":["post-1445","page","type-page","status-publish","hentry"],"_links":{"self":[{"href":"https:\/\/kbconduite.fr\/index.php?rest_route=\/wp\/v2\/pages\/1445","targetHints":{"allow":["GET"]}}],"collection":[{"href":"https:\/\/kbconduite.fr\/index.php?rest_route=\/wp\/v2\/pages"}],"about":[{"href":"https:\/\/kbconduite.fr\/index.php?rest_route=\/wp\/v2\/types\/page"}],"author":[{"embeddable":true,"href":"https:\/\/kbconduite.fr\/index.php?rest_route=\/wp\/v2\/users\/1"}],"replies":[{"embeddable":true,"href":"https:\/\/kbconduite.fr\/index.php?rest_route=%2Fwp%2Fv2%2Fcomments&post=1445"}],"version-history":[{"count":13,"href":"https:\/\/kbconduite.fr\/index.php?rest_route=\/wp\/v2\/pages\/1445\/revisions"}],"predecessor-version":[{"id":1470,"href":"https:\/\/kbconduite.fr\/index.php?rest_route=\/wp\/v2\/pages\/1445\/revisions\/1470"}],"wp:attachment":[{"href":"https:\/\/kbconduite.fr\/index.php?rest_route=%2Fwp%2Fv2%2Fmedia&parent=1445"}],"curies":[{"name":"wp","href":"https:\/\/api.w.org\/{rel}","templated":true}]}}