{"id":1361,"date":"2022-05-26T17:45:45","date_gmt":"2022-05-26T15:45:45","guid":{"rendered":"https:\/\/kbconduite.fr\/?page_id=1361"},"modified":"2023-08-29T20:43:28","modified_gmt":"2023-08-29T18:43:28","slug":"conduite-acceleree","status":"publish","type":"page","link":"https:\/\/kbconduite.fr\/?page_id=1361","title":{"rendered":"CONDUITE ACCELEREE"},"content":{"rendered":"\t\t<div data-elementor-type=\"wp-page\" data-elementor-id=\"1361\" class=\"elementor elementor-1361\">\n\t\t\t\t\t\t\t\t\t<section class=\"elementor-section elementor-top-section elementor-element elementor-element-469856e elementor-section-boxed elementor-section-height-default elementor-section-height-default\" data-id=\"469856e\" data-element_type=\"section\">\n\t\t\t\t\t\t<div class=\"elementor-container elementor-column-gap-default\">\n\t\t\t\t\t<div class=\"elementor-column elementor-col-100 elementor-top-column elementor-element elementor-element-2792194\" data-id=\"2792194\" data-element_type=\"column\">\n\t\t\t<div class=\"elementor-widget-wrap elementor-element-populated\">\n\t\t\t\t\t\t\t\t<div class=\"elementor-element elementor-element-2fe4760 elementor-widget elementor-widget-spacer\" data-id=\"2fe4760\" data-element_type=\"widget\" data-widget_type=\"spacer.default\">\n\t\t\t\t<div class=\"elementor-widget-container\">\n\t\t\t\t\t<div class=\"elementor-spacer\">\n\t\t\t<div class=\"elementor-spacer-inner\"><\/div>\n\t\t<\/div>\n\t\t\t\t<\/div>\n\t\t\t\t<\/div>\n\t\t\t\t\t<\/div>\n\t\t<\/div>\n\t\t\t\t\t\t\t<\/div>\n\t\t<\/section>\n\t\t\t\t<section class=\"elementor-section elementor-top-section elementor-element elementor-element-14373fe elementor-section-boxed elementor-section-height-default elementor-section-height-default\" data-id=\"14373fe\" data-element_type=\"section\">\n\t\t\t\t\t\t<div class=\"elementor-container elementor-column-gap-default\">\n\t\t\t\t\t<div class=\"elementor-column elementor-col-100 elementor-top-column elementor-element elementor-element-326e8d1\" data-id=\"326e8d1\" data-element_type=\"column\">\n\t\t\t<div class=\"elementor-widget-wrap elementor-element-populated\">\n\t\t\t\t\t\t\t\t<div class=\"elementor-element elementor-element-960e0ea elementor-widget elementor-widget-heading\" data-id=\"960e0ea\" data-element_type=\"widget\" data-widget_type=\"heading.default\">\n\t\t\t\t<div class=\"elementor-widget-container\">\n\t\t\t<h3 class=\"elementor-heading-title elementor-size-default\">CONDUITE ACCELEREE<\/h3>\t\t<\/div>\n\t\t\t\t<\/div>\n\t\t\t\t\t<\/div>\n\t\t<\/div>\n\t\t\t\t\t\t\t<\/div>\n\t\t<\/section>\n\t\t\t\t<section class=\"elementor-section elementor-top-section elementor-element elementor-element-80d2b54 elementor-section-boxed elementor-section-height-default elementor-section-height-default\" data-id=\"80d2b54\" data-element_type=\"section\">\n\t\t\t\t\t\t<div class=\"elementor-container elementor-column-gap-default\">\n\t\t\t\t\t<div class=\"elementor-column elementor-col-100 elementor-top-column elementor-element elementor-element-2e08813\" data-id=\"2e08813\" data-element_type=\"column\">\n\t\t\t<div class=\"elementor-widget-wrap elementor-element-populated\">\n\t\t\t\t\t\t\t\t<div class=\"elementor-element elementor-element-c758614 elementor-widget elementor-widget-text-editor\" data-id=\"c758614\" data-element_type=\"widget\" data-widget_type=\"text-editor.default\">\n\t\t\t\t<div class=\"elementor-widget-container\">\n\t\t\t\t\t\t\t<p>La conduite acc\u00e9l\u00e9r\u00e9e vous permet d\u2019obtenir votre permis B avec KB conduite en un temps record, vous propose une formation rapide et efficace, vous donne la priorit\u00e9 sur la date d\u2019examen et un accompagnement \u00e0 l\u2019examen de conduite<\/p><p>Inutile d\u2019\u00eatre en cong\u00e9s pour suivre vos cours de conduite acc\u00e9l\u00e9r\u00e9e, les horaires du planning de conduite vous offrent un large choix de plage horaire. Tous nos cours de conduite acc\u00e9l\u00e9r\u00e9e sont individuels, ainsi vous serez toujours au volant pour apprendre \u00e0 piloter le v\u00e9hicule.<\/p>\t\t\t\t\t\t<\/div>\n\t\t\t\t<\/div>\n\t\t\t\t\t<\/div>\n\t\t<\/div>\n\t\t\t\t\t\t\t<\/div>\n\t\t<\/section>\n\t\t\t\t<section class=\"elementor-section elementor-top-section elementor-element elementor-element-fdf57eb elementor-section-boxed elementor-section-height-default elementor-section-height-default\" data-id=\"fdf57eb\" data-element_type=\"section\">\n\t\t\t\t\t\t<div class=\"elementor-container elementor-column-gap-default\">\n\t\t\t\t\t<div class=\"elementor-column elementor-col-100 elementor-top-column elementor-element elementor-element-5d93954\" data-id=\"5d93954\" data-element_type=\"column\">\n\t\t\t<div class=\"elementor-widget-wrap elementor-element-populated\">\n\t\t\t\t\t\t\t\t<div class=\"elementor-element elementor-element-d2c8028 elementor-widget elementor-widget-shortcode\" data-id=\"d2c8028\" data-element_type=\"widget\" data-widget_type=\"shortcode.default\">\n\t\t\t\t<div class=\"elementor-widget-container\">\n\t\t\t\t\t<div class=\"elementor-shortcode\"><script>(function() {\n\twindow.mc4wp = window.mc4wp || {\n\t\tlisteners: [],\n\t\tforms: {\n\t\t\ton: function(evt, cb) {\n\t\t\t\twindow.mc4wp.listeners.push(\n\t\t\t\t\t{\n\t\t\t\t\t\tevent   : evt,\n\t\t\t\t\t\tcallback: cb\n\t\t\t\t\t}\n\t\t\t\t);\n\t\t\t}\n\t\t}\n\t}\n})();\n<\/script><!-- Mailchimp for WordPress v4.9.6 - https:\/\/wordpress.org\/plugins\/mailchimp-for-wp\/ --><form id=\"mc4wp-form-1\" class=\"mc4wp-form mc4wp-form-388\" method=\"post\" data-id=\"388\" data-name=\"Formulaire de contact\" ><div class=\"mc4wp-form-fields\"><\/div><label style=\"display: none !important;\">Leave this field empty if you're human: <input type=\"text\" name=\"_mc4wp_honeypot\" value=\"\" tabindex=\"-1\" autocomplete=\"off\" \/><\/label><input type=\"hidden\" name=\"_mc4wp_timestamp\" value=\"1777989360\" \/><input type=\"hidden\" name=\"_mc4wp_form_id\" value=\"388\" \/><input type=\"hidden\" name=\"_mc4wp_form_element_id\" value=\"mc4wp-form-1\" \/><div class=\"mc4wp-response\"><\/div><\/form><!-- \/ Mailchimp for WordPress Plugin --><\/div>\n\t\t\t\t<\/div>\n\t\t\t\t<\/div>\n\t\t\t\t\t<\/div>\n\t\t<\/div>\n\t\t\t\t\t\t\t<\/div>\n\t\t<\/section>\n\t\t\t\t\t\t\t<\/div>\n\t\t","protected":false},"excerpt":{"rendered":"<p>CONDUITE ACCELEREE La conduite acc\u00e9l\u00e9r\u00e9e vous permet d\u2019obtenir votre permis B avec KB conduite en un temps record, vous propose une formation rapide et efficace, vous donne la priorit\u00e9 sur la date d\u2019examen et un accompagnement \u00e0 l\u2019examen de conduite Inutile d\u2019\u00eatre en cong\u00e9s pour suivre vos cours de conduite acc\u00e9l\u00e9r\u00e9e, les horaires du planning [&hellip;]<\/p>\n","protected":false},"author":1,"featured_media":0,"parent":0,"menu_order":0,"comment_status":"closed","ping_status":"closed","template":"","meta":{"_joinchat":[],"footnotes":""},"class_list":["post-1361","page","type-page","status-publish","hentry"],"_links":{"self":[{"href":"https:\/\/kbconduite.fr\/index.php?rest_route=\/wp\/v2\/pages\/1361","targetHints":{"allow":["GET"]}}],"collection":[{"href":"https:\/\/kbconduite.fr\/index.php?rest_route=\/wp\/v2\/pages"}],"about":[{"href":"https:\/\/kbconduite.fr\/index.php?rest_route=\/wp\/v2\/types\/page"}],"author":[{"embeddable":true,"href":"https:\/\/kbconduite.fr\/index.php?rest_route=\/wp\/v2\/users\/1"}],"replies":[{"embeddable":true,"href":"https:\/\/kbconduite.fr\/index.php?rest_route=%2Fwp%2Fv2%2Fcomments&post=1361"}],"version-history":[{"count":23,"href":"https:\/\/kbconduite.fr\/index.php?rest_route=\/wp\/v2\/pages\/1361\/revisions"}],"predecessor-version":[{"id":1904,"href":"https:\/\/kbconduite.fr\/index.php?rest_route=\/wp\/v2\/pages\/1361\/revisions\/1904"}],"wp:attachment":[{"href":"https:\/\/kbconduite.fr\/index.php?rest_route=%2Fwp%2Fv2%2Fmedia&parent=1361"}],"curies":[{"name":"wp","href":"https:\/\/api.w.org\/{rel}","templated":true}]}}